{"id":242,"date":"2019-12-14T16:47:20","date_gmt":"2019-12-14T15:47:20","guid":{"rendered":"http:\/\/www.multiker.hu\/?page_id=242"},"modified":"2024-05-21T09:52:13","modified_gmt":"2024-05-21T07:52:13","slug":"emailcim-adminisztracio-mailadmin-szolgaltatas","status":"publish","type":"page","link":"https:\/\/www.multiker.hu\/?page_id=242","title":{"rendered":"Emailc\u00edm adminisztr\u00e1ci\u00f3 (Mailadmin) szolg\u00e1ltat\u00e1s"},"content":{"rendered":"<p>Mailadmin szolg\u00e1ltat\u00e1sunk seg\u00edts\u00e9g\u00e9vel saj\u00e1t maga hozhat l\u00e9tre \u00faj email c\u00edmet, vagy a megl\u00e9v\u0151ket menedzselheti.<\/p>\n<p>Milyen beavatkoz\u00e1sokat tesz lehet\u0151v\u00e9 ez a rendszer?<br \/>\n&#8211; \u00faj c\u00edmek \u00e9s \u00faj alias-ok l\u00e9trehoz\u00e1sa<br \/>\n&#8211; megl\u00e9v\u0151 c\u00edmekre \u00e9rkez\u0151 levelek \u00e1tir\u00e1ny\u00edt\u00e1sa<br \/>\n&#8211; vagy m\u00e1solat k\u00fcld\u00e9se megadott c\u00edmre<br \/>\n&#8211; automata v\u00e1lasz\u00fczenet megad\u00e1sa hosszabb idej\u0171 t\u00e1voll\u00e9t eset\u00e9n<br \/>\n&#8211; spam sz\u0171r\u0151 t\u0171r\u00e9shat\u00e1r\u00e1nak be\u00e1ll\u00edt\u00e1sa.<br \/>\n&#8211; v\u00edrusellen\u0151rz\u00e9s ki\/be kapcsol\u00e1sa<br \/>\n&#8211; jelsz\u00f3 m\u00f3dos\u00edt\u00e1sa<\/p>\n<p>K\u00f6zvetlen\u00fcl a k\u00f6vetkez\u0151 c\u00edmen \u00e9rheti el ezt a szolg\u00e1ltat\u00e1sunkat (kattintson r\u00e1):<\/p>\n<p><a href=\"https:\/\/multiker.hu:7981\">https:\/\/multiker.hu:7981<\/a><\/p>\n","protected":false},"excerpt":{"rendered":"<p>Mailadmin szolg\u00e1ltat\u00e1sunk seg\u00edts\u00e9g\u00e9vel saj\u00e1t maga hozhat l\u00e9tre \u00faj email c\u00edmet, vagy a megl\u00e9v\u0151ket menedzselheti. Milyen beavatkoz\u00e1sokat tesz lehet\u0151v\u00e9 ez a rendszer? &#8211; \u00faj c\u00edmek \u00e9s \u00faj alias-ok l\u00e9trehoz\u00e1sa &#8211; megl\u00e9v\u0151 c\u00edmekre \u00e9rkez\u0151 levelek \u00e1tir\u00e1ny\u00edt\u00e1sa &#8211; vagy m\u00e1solat k\u00fcld\u00e9se megadott c\u00edmre &hellip;<\/p>\n<p class=\"read-more\"> <a class=\"more-link\" href=\"https:\/\/www.multiker.hu\/?page_id=242\"> <span class=\"screen-reader-text\">Emailc\u00edm adminisztr\u00e1ci\u00f3 (Mailadmin) szolg\u00e1ltat\u00e1s<\/span> Tov\u00e1bb &raquo;<\/a><\/p>\n","protected":false},"author":1,"featured_media":0,"parent":0,"menu_order":0,"comment_status":"closed","ping_status":"closed","template":"","meta":{"footnotes":""},"class_list":["post-242","page","type-page","status-publish","hentry"],"_links":{"self":[{"href":"https:\/\/www.multiker.hu\/index.php?rest_route=\/wp\/v2\/pages\/242","targetHints":{"allow":["GET"]}}],"collection":[{"href":"https:\/\/www.multiker.hu\/index.php?rest_route=\/wp\/v2\/pages"}],"about":[{"href":"https:\/\/www.multiker.hu\/index.php?rest_route=\/wp\/v2\/types\/page"}],"author":[{"embeddable":true,"href":"https:\/\/www.multiker.hu\/index.php?rest_route=\/wp\/v2\/users\/1"}],"replies":[{"embeddable":true,"href":"https:\/\/www.multiker.hu\/index.php?rest_route=%2Fwp%2Fv2%2Fcomments&post=242"}],"version-history":[{"count":6,"href":"https:\/\/www.multiker.hu\/index.php?rest_route=\/wp\/v2\/pages\/242\/revisions"}],"predecessor-version":[{"id":1511,"href":"https:\/\/www.multiker.hu\/index.php?rest_route=\/wp\/v2\/pages\/242\/revisions\/1511"}],"wp:attachment":[{"href":"https:\/\/www.multiker.hu\/index.php?rest_route=%2Fwp%2Fv2%2Fmedia&parent=242"}],"curies":[{"name":"wp","href":"https:\/\/api.w.org\/{rel}","templated":true}]}}