{"id":259,"date":"2019-12-15T14:47:54","date_gmt":"2019-12-15T13:47:54","guid":{"rendered":"http:\/\/www.multiker.hu\/?page_id=259"},"modified":"2023-06-13T09:28:59","modified_gmt":"2023-06-13T07:28:59","slug":"multiker-rendszer-2020","status":"publish","type":"page","link":"https:\/\/www.multiker.hu\/?page_id=259","title":{"rendered":"Multiker Rendszer 2020"},"content":{"rendered":"<p>Multiker Rendszer 2020<\/p>\n<p>Biztons\u00e1gos \u00e9s ingyenes adatb\u00e1zis motor, kliens-szerver m\u0171k\u00f6d\u00e9si strukt\u00fara, internetes \u00e1lland\u00f3 kapcsolat VPN n\u00e9lk\u00fcl is biztons\u00e1gosan, modul\u00e1ris fel\u00e9p\u00edt\u00e9s miatt univerz\u00e1lis felhaszn\u00e1l\u00e1si lehet\u0151s\u00e9g \u00e9s ut\u00f3lag is b\u0151v\u00edthet\u0151, egy \u00e9ves ingyenes support, a sz\u00e1mv.tv. \u00e1ltal enged\u00e9lyezett \u00f6sszes \u00e1rnyilv\u00e1ntart\u00e1si m\u00f3d alkalmazhat\u00f3, bels\u0151 jogosults\u00e1gi rendszer osztja meg a feladatokat a munkat\u00e1rsak k\u00f6z\u00f6tt<\/p>\n<p>Dem\u00f3 let\u00f6lt\u00e9se <a href=\"http:\/\/letoltes.multiszolg.hu\/kereskedelmi%20r.%202007\/setup.exe\">itt<\/a>.<\/p>\n","protected":false},"excerpt":{"rendered":"<p>Multiker Rendszer 2020 Biztons\u00e1gos \u00e9s ingyenes adatb\u00e1zis motor, kliens-szerver m\u0171k\u00f6d\u00e9si strukt\u00fara, internetes \u00e1lland\u00f3 kapcsolat VPN n\u00e9lk\u00fcl is biztons\u00e1gosan, modul\u00e1ris fel\u00e9p\u00edt\u00e9s miatt univerz\u00e1lis felhaszn\u00e1l\u00e1si lehet\u0151s\u00e9g \u00e9s ut\u00f3lag is b\u0151v\u00edthet\u0151, egy \u00e9ves ingyenes support, a sz\u00e1mv.tv. \u00e1ltal enged\u00e9lyezett \u00f6sszes \u00e1rnyilv\u00e1ntart\u00e1si m\u00f3d alkalmazhat\u00f3, &hellip;<\/p>\n<p class=\"read-more\"> <a class=\"more-link\" href=\"https:\/\/www.multiker.hu\/?page_id=259\"> <span class=\"screen-reader-text\">Multiker Rendszer 2020<\/span> Tov\u00e1bb &raquo;<\/a><\/p>\n","protected":false},"author":1,"featured_media":0,"parent":0,"menu_order":0,"comment_status":"closed","ping_status":"closed","template":"full-width-page.php","meta":{"footnotes":""},"class_list":["post-259","page","type-page","status-publish","hentry"],"_links":{"self":[{"href":"https:\/\/www.multiker.hu\/index.php?rest_route=\/wp\/v2\/pages\/259","targetHints":{"allow":["GET"]}}],"collection":[{"href":"https:\/\/www.multiker.hu\/index.php?rest_route=\/wp\/v2\/pages"}],"about":[{"href":"https:\/\/www.multiker.hu\/index.php?rest_route=\/wp\/v2\/types\/page"}],"author":[{"embeddable":true,"href":"https:\/\/www.multiker.hu\/index.php?rest_route=\/wp\/v2\/users\/1"}],"replies":[{"embeddable":true,"href":"https:\/\/www.multiker.hu\/index.php?rest_route=%2Fwp%2Fv2%2Fcomments&post=259"}],"version-history":[{"count":2,"href":"https:\/\/www.multiker.hu\/index.php?rest_route=\/wp\/v2\/pages\/259\/revisions"}],"predecessor-version":[{"id":301,"href":"https:\/\/www.multiker.hu\/index.php?rest_route=\/wp\/v2\/pages\/259\/revisions\/301"}],"wp:attachment":[{"href":"https:\/\/www.multiker.hu\/index.php?rest_route=%2Fwp%2Fv2%2Fmedia&parent=259"}],"curies":[{"name":"wp","href":"https:\/\/api.w.org\/{rel}","templated":true}]}}