{"id":306,"date":"2020-01-06T13:29:06","date_gmt":"2020-01-06T12:29:06","guid":{"rendered":"http:\/\/www.multiker.hu\/?page_id=306"},"modified":"2023-06-13T09:28:58","modified_gmt":"2023-06-13T07:28:58","slug":"szamlazo-program-regisztrlasa-a-nav-online-szamla-oldalan","status":"publish","type":"page","link":"https:\/\/www.multiker.hu\/?page_id=306","title":{"rendered":"Sz\u00e1ml\u00e1z\u00f3 program regisztrl\u00e1sa a NAV Online sz\u00e1mla oldal\u00e1n"},"content":{"rendered":"<p>1.) keresse fel a https:\/\/onlineszamla.nav.gov.hu\/ oldalt<br \/>\n2.) regisztr\u00e1ljon a regisztr\u00e1ci\u00f3 gomb haszn\u00e1lat\u00e1val (n\u00e9v + jelsz\u00f3 megad\u00e1s, ezekre sz\u00fcks\u00e9g lesz k\u00e9s\u0151bb, meg kell jegyezni)<\/p>\n<p>&nbsp;<\/p>\n<p><a href=\"http:\/\/www.multiker.hu\/wp-content\/uploads\/2023\/06\/online_reg1-1.jpg\"><img loading=\"lazy\" decoding=\"async\" class=\"alignnone size-full wp-image-481\" src=\"http:\/\/www.multiker.hu\/wp-content\/uploads\/2023\/06\/online_reg1-1.jpg\" alt=\"\" width=\"296\" height=\"82\" \/><\/a><\/p>\n<p>k\u00f6v. lapon:<\/p>\n<p><a href=\"http:\/\/www.multiker.hu\/wp-content\/uploads\/2023\/06\/online_reg2.jpg\"><img loading=\"lazy\" decoding=\"async\" class=\"alignnone size-full wp-image-482\" src=\"http:\/\/www.multiker.hu\/wp-content\/uploads\/2023\/06\/online_reg2.jpg\" alt=\"\" width=\"508\" height=\"99\" \/><\/a><\/p>\n<p>3.) k\u00f6v. lapon az \u00fcgyf\u00e9lkapus bejelentkez\u00e9s kell elv\u00e9gezni&#8230;.<\/p>\n<p>majd a k\u00f6vetkez\u0151 lapokat kit\u00f6ltve l\u00e9trej\u00f6n a regisztr\u00e1ci\u00f3 (r\u00e9szletesebb le\u00edr\u00e1s az online sz\u00e1mla oldal\u00e1n).<\/p>\n<p>4.) a l\u00e9trej\u00f6tt (regisztr\u00e1lt) felhaszn\u00e1l\u00f3 mell\u00e9 technikai felhaszn\u00e1l\u00f3t kell l\u00e9trehozni, \u00edgy:<\/p>\n<p><a href=\"http:\/\/www.multiker.hu\/wp-content\/uploads\/2023\/06\/online_technikai_felhasznalo.jpg\"><img loading=\"lazy\" decoding=\"async\" class=\"alignnone size-full wp-image-449\" src=\"http:\/\/www.multiker.hu\/wp-content\/uploads\/2023\/06\/online_technikai_felhasznalo.jpg\" alt=\"\" width=\"335\" height=\"203\" \/><\/a><\/p>\n<p><a href=\"http:\/\/www.multiker.hu\/wp-content\/uploads\/2023\/06\/online_technikai_felhasznalo_2.jpg\"><img loading=\"lazy\" decoding=\"async\" class=\"alignnone size-full wp-image-450\" src=\"http:\/\/www.multiker.hu\/wp-content\/uploads\/2023\/06\/online_technikai_felhasznalo_2.jpg\" alt=\"\" width=\"462\" height=\"254\" \/><\/a><\/p>\n<p><a href=\"http:\/\/www.multiker.hu\/wp-content\/uploads\/2023\/06\/online_technikai_felhasznalo_3.jpg\"><img loading=\"lazy\" decoding=\"async\" class=\"alignnone size-full wp-image-451\" src=\"http:\/\/www.multiker.hu\/wp-content\/uploads\/2023\/06\/online_technikai_felhasznalo_3.jpg\" alt=\"\" width=\"427\" height=\"121\" \/><\/a><\/p>\n<p><a href=\"http:\/\/www.multiker.hu\/wp-content\/uploads\/2023\/06\/online_technikai_felhasznalo_4.jpg\"><img loading=\"lazy\" decoding=\"async\" class=\"alignnone size-full wp-image-452\" src=\"http:\/\/www.multiker.hu\/wp-content\/uploads\/2023\/06\/online_technikai_felhasznalo_4.jpg\" alt=\"\" width=\"642\" height=\"107\" \/><\/a><\/p>\n<p><a href=\"http:\/\/www.multiker.hu\/wp-content\/uploads\/2023\/06\/online_technikai_felhasznalo_5.jpg\"><img loading=\"lazy\" decoding=\"async\" class=\"alignnone size-full wp-image-453\" src=\"http:\/\/www.multiker.hu\/wp-content\/uploads\/2023\/06\/online_technikai_felhasznalo_5.jpg\" alt=\"\" width=\"688\" height=\"277\" \/><\/a><\/p>\n<p>a technikai felhaszn\u00e1l\u00f3 l\u00e9trehoz\u00e1sakor csak jelsz\u00f3t kell megadni, a t\u00f6bbit a rendszer gener\u00e1lja. (jelsz\u00f3ra sz\u00fcks\u00e9g lesz, meg kell jegyezni)<\/p>\n<p>az \u00edgy l\u00e9trej\u00f6tt felhaszn\u00e1l\u00f3 adatsor\u00e1ra kattintva:<\/p>\n<p><a href=\"http:\/\/www.multiker.hu\/wp-content\/uploads\/2023\/06\/online_technikai_felhasznalo_6.jpg\"><img loading=\"lazy\" decoding=\"async\" class=\"alignnone size-full wp-image-454\" src=\"http:\/\/www.multiker.hu\/wp-content\/uploads\/2023\/06\/online_technikai_felhasznalo_6.jpg\" alt=\"\" width=\"539\" height=\"135\" \/><\/a><\/p>\n<p>a technikai felhaszn\u00e1l\u00f3 adatlapj\u00e1nak als\u00f3 r\u00e9sz\u00e9ben lev\u0151 <strong>kulcs gener\u00e1l\u00e1s gomb<\/strong> hat\u00e1s\u00e1ra elk\u00e9sz\u00fclnek a kulcsok is:<\/p>\n<p><a href=\"http:\/\/www.multiker.hu\/wp-content\/uploads\/2023\/06\/online_reg_kulcs.jpg\"><img loading=\"lazy\" decoding=\"async\" class=\"alignnone size-full wp-image-484\" src=\"http:\/\/www.multiker.hu\/wp-content\/uploads\/2023\/06\/online_reg_kulcs.jpg\" alt=\"\" width=\"679\" height=\"182\" \/><\/a><\/p>\n<p><a href=\"http:\/\/www.multiker.hu\/wp-content\/uploads\/2023\/06\/online_technikai_felhasznalo_7.jpg\"><img loading=\"lazy\" decoding=\"async\" class=\"alignnone size-full wp-image-455\" src=\"http:\/\/www.multiker.hu\/wp-content\/uploads\/2023\/06\/online_technikai_felhasznalo_7.jpg\" alt=\"\" width=\"328\" height=\"309\" \/><\/a><\/p>\n<p>5.) adatok r\u00f6gz\u00edt\u00e9se a Kereskedelmi Rendszerben, a tulajdonos adatok ablakban:<\/p>\n<p><a href=\"http:\/\/www.multiker.hu\/wp-content\/uploads\/2023\/06\/online_technikai_felhasznalo_8.jpg\"><img loading=\"lazy\" decoding=\"async\" class=\"alignnone size-full wp-image-457\" src=\"http:\/\/www.multiker.hu\/wp-content\/uploads\/2023\/06\/online_technikai_felhasznalo_8.jpg\" alt=\"\" width=\"601\" height=\"211\" \/><\/a><\/p>\n<p>A felhaszn\u00e1l\u00f3, az XML al\u00e1\u00edr\u00f3 \u00e9s az XML cserekulcs mez\u0151ket a technikai felhaszn\u00e1l\u00f3 &#8222;R\u00e9szletek&#8221; adatlapj\u00e1r\u00f3l kell bem\u00e1solni, a jelsz\u00f3 pedig a technikai felhaszn\u00e1l\u00f3 l\u00e9trehoz\u00e1sakor megadott jelsz\u00f3 legyen.<\/p>\n<p>6.) A Kereskedelmi Rendszer OnlineSz\u00e1mla alrendszer\u00e9nek aktiv\u00e1l\u00e1sa.<br \/>\n&#8211; egy licences esetben a program ind\u00edt\u00e1s\u00e1val egy id\u0151ben az OnlineSz\u00e1mla alrendszer is elind\u00edt\u00e1sra ker\u00fcl, ellenkez\u0151 esetben k\u00e9rje seg\u00edts\u00e9g\u00fcnket.<br \/>\n&#8211; t\u00f6bb g\u00e9pes felhaszn\u00e1l\u00e1s eset\u00e9n k\u00e9zzel kell kijel\u00f6lni azt az egyetlen helyet, ahol az alrendszer futni fog (elemzi a sz\u00e1ml\u00e1kat \u00e9s k\u00fcldi\/fogadja a NAV fel\u00e9 az \u00fczeneteket) &#8230; ennek m\u00f3dja a k\u00f6vetkez\u0151:<\/p>\n<p><a href=\"http:\/\/www.multiker.hu\/wp-content\/uploads\/2023\/06\/online_alrendszer_inditas-1.jpg\"><img loading=\"lazy\" decoding=\"async\" class=\"alignnone size-full wp-image-486\" src=\"http:\/\/www.multiker.hu\/wp-content\/uploads\/2023\/06\/online_alrendszer_inditas-1.jpg\" alt=\"\" width=\"499\" height=\"544\" \/><\/a><\/p>\n<p>Az alapbe\u00e1ll\u00edt\u00e1sok ablakban &#8211; adminisztr\u00e1tori joggal bejelentkezve &#8211; lehet be\u00e1ll\u00edtani az alrendszer Windows ind\u00edt\u00e1sakor automatikus ind\u00edt\u00e1s\u00e1t a &#8222;FUTTASSA&#8221; gomb lenyom\u00e1s\u00e1val.<\/p>\n<p><span style=\"text-decoration: underline\"><strong>FONTOS: a be\u00e1ll\u00edt\u00e1sok ut\u00e1n a programot \u00fajra kell ind\u00edtani.<\/strong><\/span><\/p>\n<p><strong>Felmer\u00fclhetnek a k\u00f6vetkez\u0151 probl\u00e9m\u00e1k:<\/strong><br \/>\n<strong>&#8211; a technikai felhaszn\u00e1l\u00f3i adatok el\u00edr\u00e1sa az alrendszer ind\u00edt\u00e1s\u00e1t meghi\u00fas\u00edtja<\/strong><br \/>\n<strong>&#8211; a .NET Framwork megl\u00e9t\u00e9nek hi\u00e1nya okozhat gondot a Windows 8-n\u00e1l r\u00e9gebbi oper\u00e1ci\u00f3s rendszereken, ezt a Kereskedelmi Rendszer jelzi.<\/strong><\/p>\n<p><strong>K\u00e9rje seg\u00edts\u00e9g\u00fcnket a be\u00e1ll\u00edt\u00e1sn\u00e1l.<\/strong><\/p>\n","protected":false},"excerpt":{"rendered":"<p>1.) keresse fel a https:\/\/onlineszamla.nav.gov.hu\/ oldalt 2.) regisztr\u00e1ljon a regisztr\u00e1ci\u00f3 gomb haszn\u00e1lat\u00e1val (n\u00e9v + jelsz\u00f3 megad\u00e1s, ezekre sz\u00fcks\u00e9g lesz k\u00e9s\u0151bb, meg kell jegyezni) &nbsp; k\u00f6v. lapon: 3.) k\u00f6v. lapon az \u00fcgyf\u00e9lkapus bejelentkez\u00e9s kell elv\u00e9gezni&#8230;. majd a k\u00f6vetkez\u0151 lapokat kit\u00f6ltve l\u00e9trej\u00f6n &hellip;<\/p>\n<p class=\"read-more\"> <a class=\"more-link\" href=\"https:\/\/www.multiker.hu\/?page_id=306\"> <span class=\"screen-reader-text\">Sz\u00e1ml\u00e1z\u00f3 program regisztrl\u00e1sa a NAV Online sz\u00e1mla oldal\u00e1n<\/span> Tov\u00e1bb &raquo;<\/a><\/p>\n","protected":false},"author":1,"featured_media":0,"parent":0,"menu_order":0,"comment_status":"closed","ping_status":"closed","template":"","meta":{"footnotes":""},"class_list":["post-306","page","type-page","status-publish","hentry"],"_links":{"self":[{"href":"https:\/\/www.multiker.hu\/index.php?rest_route=\/wp\/v2\/pages\/306","targetHints":{"allow":["GET"]}}],"collection":[{"href":"https:\/\/www.multiker.hu\/index.php?rest_route=\/wp\/v2\/pages"}],"about":[{"href":"https:\/\/www.multiker.hu\/index.php?rest_route=\/wp\/v2\/types\/page"}],"author":[{"embeddable":true,"href":"https:\/\/www.multiker.hu\/index.php?rest_route=\/wp\/v2\/users\/1"}],"replies":[{"embeddable":true,"href":"https:\/\/www.multiker.hu\/index.php?rest_route=%2Fwp%2Fv2%2Fcomments&post=306"}],"version-history":[{"count":3,"href":"https:\/\/www.multiker.hu\/index.php?rest_route=\/wp\/v2\/pages\/306\/revisions"}],"predecessor-version":[{"id":1541,"href":"https:\/\/www.multiker.hu\/index.php?rest_route=\/wp\/v2\/pages\/306\/revisions\/1541"}],"wp:attachment":[{"href":"https:\/\/www.multiker.hu\/index.php?rest_route=%2Fwp%2Fv2%2Fmedia&parent=306"}],"curies":[{"name":"wp","href":"https:\/\/api.w.org\/{rel}","templated":true}]}}